{"id":135,"date":"2024-02-10T18:05:37","date_gmt":"2024-02-10T17:05:37","guid":{"rendered":"http:\/\/www.informatiqueexpress.fr\/?page_id=135"},"modified":"2025-10-21T11:29:24","modified_gmt":"2025-10-21T09:29:24","slug":"nos-cordonnees","status":"publish","type":"page","link":"https:\/\/www.informatiqueexpress.fr\/index.php\/nos-cordonnees\/","title":{"rendered":"Nos Cordonn\u00e9es"},"content":{"rendered":"\n<div class=\"wp-block-columns is-layout-flex wp-container-core-columns-is-layout-28f84493 wp-block-columns-is-layout-flex\">\n<div class=\"wp-block-column is-layout-flow wp-block-column-is-layout-flow\" style=\"padding-top:var(--wp--preset--spacing--30);padding-bottom:var(--wp--preset--spacing--30)\"><\/div>\n<\/div>\n\n\n\n<figure class=\"wp-block-image aligncenter size-full is-resized\"><img loading=\"lazy\" decoding=\"async\" width=\"1280\" height=\"406\" src=\"http:\/\/www.informatiqueexpress.fr\/wp-content\/uploads\/2024\/02\/Logo-8.gif\" alt=\"\" class=\"wp-image-148\" style=\"width:801px;height:auto\"\/><\/figure>\n\n\n\n<div class=\"wp-block-columns is-layout-flex wp-container-core-columns-is-layout-28f84493 wp-block-columns-is-layout-flex\">\n<div class=\"wp-block-column is-layout-flow wp-block-column-is-layout-flow\" style=\"flex-basis:100%\">\n<div class=\"wp-block-columns is-layout-flex wp-container-core-columns-is-layout-28f84493 wp-block-columns-is-layout-flex\">\n<div class=\"wp-block-column is-layout-flow wp-block-column-is-layout-flow\" style=\"flex-basis:100%\">\n<div class=\"wp-block-columns is-layout-flex wp-container-core-columns-is-layout-28f84493 wp-block-columns-is-layout-flex\">\n<div class=\"wp-block-column is-layout-flow wp-container-core-column-is-layout-ee37694d wp-block-column-is-layout-flow\" style=\"padding-top:var(--wp--preset--spacing--40);padding-bottom:var(--wp--preset--spacing--40);line-height:1.5;flex-basis:100%\"><\/div>\n<\/div>\n<\/div>\n<\/div>\n<\/div>\n<\/div>\n\n\n\n<div class=\"wp-block-columns alignwide are-vertically-aligned-center is-layout-flex wp-container-core-columns-is-layout-b5787dea wp-block-columns-is-layout-flex\" style=\"padding-right:0;padding-left:var(--wp--preset--spacing--50)\">\n<div class=\"wp-block-column is-vertically-aligned-center is-layout-flow wp-block-column-is-layout-flow\">\n<p style=\"text-decoration:underline\"><strong>T\u00e9l\u00e9phone :<\/strong><\/p>\n\n\n\n<p>Fixe : 04.75.08.68.95<\/p>\n\n\n\n<p>Fax : 09.55.81.27.23<\/p>\n\n\n\n<p>Mobile : 06.77.48.74.56 informatiqueexpress26@gmail.com<\/p>\n<\/div>\n\n\n\n<div class=\"wp-block-column is-vertically-aligned-center is-layout-flow wp-block-column-is-layout-flow\">\n<p style=\"text-decoration:underline\"><strong>Adresse :<\/strong><\/p>\n\n\n\n<p>Informatique Express<\/p>\n\n\n\n<p>Mr. SAVET David<\/p>\n\n\n\n<p>75 Impasse Jaboulet<\/p>\n\n\n\n<p>26600 Tain-L&#8217;hermitage<\/p>\n<\/div>\n\n\n\n<div class=\"wp-block-column is-vertically-aligned-center is-layout-flow wp-block-column-is-layout-flow\">\n<p style=\"font-size:13px;text-decoration:underline\"><strong>Horaire d\u2019ouverture :<\/strong><\/p>\n\n\n\n<p style=\"font-size:13px\">Lundi : de 10h00 \u00e0 19h00<\/p>\n\n\n\n<p style=\"font-size:13px\">Mardi : de 10h00 \u00e0 19h00<\/p>\n\n\n\n<p style=\"font-size:13px\">Mercredi : de 10h00 \u00e0 19h00<\/p>\n\n\n\n<p style=\"font-size:13px\">Jeudi : de 10h00 \u00e0 19h00<\/p>\n\n\n\n<p style=\"font-size:13px\">Vendredi : de 10h00 \u00e0 19h00 <\/p>\n\n\n\n<p style=\"font-size:13px\">Samedi : de 10h00 \u00e0 19h00<\/p>\n<\/div>\n<\/div>\n","protected":false},"excerpt":{"rendered":"<p>T\u00e9l\u00e9phone : Fixe : 04.75.08.68.95 Fax : 09.55.81.27.23 Mobile : 06.77.48.74.56 informatiqueexpress26@gmail.com Adresse : Informatique Express Mr. SAVET David 75 Impasse Jaboulet 26600 Tain-L&#8217;hermitage Horaire d\u2019ouverture : Lundi : de 10h00 \u00e0 19h00 Mardi : de 10h00 \u00e0 19h00 Mercredi : de 10h00 \u00e0 19h00 Jeudi : de 10h00 \u00e0 19h00 Vendredi : de 10h00 [&hellip;]<\/p>\n","protected":false},"author":1,"featured_media":0,"parent":0,"menu_order":0,"comment_status":"closed","ping_status":"closed","template":"","meta":{"ngg_post_thumbnail":0,"footnotes":""},"class_list":["post-135","page","type-page","status-publish","hentry"],"_links":{"self":[{"href":"https:\/\/www.informatiqueexpress.fr\/index.php\/wp-json\/wp\/v2\/pages\/135","targetHints":{"allow":["GET"]}}],"collection":[{"href":"https:\/\/www.informatiqueexpress.fr\/index.php\/wp-json\/wp\/v2\/pages"}],"about":[{"href":"https:\/\/www.informatiqueexpress.fr\/index.php\/wp-json\/wp\/v2\/types\/page"}],"author":[{"embeddable":true,"href":"https:\/\/www.informatiqueexpress.fr\/index.php\/wp-json\/wp\/v2\/users\/1"}],"replies":[{"embeddable":true,"href":"https:\/\/www.informatiqueexpress.fr\/index.php\/wp-json\/wp\/v2\/comments?post=135"}],"version-history":[{"count":11,"href":"https:\/\/www.informatiqueexpress.fr\/index.php\/wp-json\/wp\/v2\/pages\/135\/revisions"}],"predecessor-version":[{"id":366,"href":"https:\/\/www.informatiqueexpress.fr\/index.php\/wp-json\/wp\/v2\/pages\/135\/revisions\/366"}],"wp:attachment":[{"href":"https:\/\/www.informatiqueexpress.fr\/index.php\/wp-json\/wp\/v2\/media?parent=135"}],"curies":[{"name":"wp","href":"https:\/\/api.w.org\/{rel}","templated":true}]}}