{"id":2,"date":"2024-02-07T16:02:25","date_gmt":"2024-02-07T15:02:25","guid":{"rendered":"http:\/\/www.informatiqueexpress.fr\/?page_id=2"},"modified":"2025-10-21T17:07:26","modified_gmt":"2025-10-21T15:07:26","slug":"page-d-exemple","status":"publish","type":"page","link":"https:\/\/www.informatiqueexpress.fr\/index.php\/page-d-exemple\/","title":{"rendered":""},"content":{"rendered":"\n<figure class=\"wp-block-image aligncenter size-full is-resized\"><img loading=\"lazy\" decoding=\"async\" width=\"978\" height=\"248\" src=\"https:\/\/www.informatiqueexpress.fr\/wp-content\/uploads\/2025\/10\/005.png\" alt=\"\" class=\"wp-image-357\" style=\"width:653px;height:auto\" srcset=\"https:\/\/www.informatiqueexpress.fr\/wp-content\/uploads\/2025\/10\/005.png 978w, https:\/\/www.informatiqueexpress.fr\/wp-content\/uploads\/2025\/10\/005-300x76.png 300w, https:\/\/www.informatiqueexpress.fr\/wp-content\/uploads\/2025\/10\/005-768x195.png 768w\" sizes=\"auto, (max-width: 978px) 100vw, 978px\" \/><\/figure>\n\n\n\n<h2 class=\"wp-block-heading alignfull has-text-align-center\" style=\"margin-top:var(--wp--preset--spacing--30);font-size:clamp(18.434px, 1.152rem + ((1vw - 3.2px) * 1.177), 29px);\">L\u2019entreprise Informatique Express vous souhaite la bienvenue sur son site pour vous pr\u00e9senter son activit\u00e9.<\/h2>\n\n\n\n<div class=\"wp-block-columns alignwide is-layout-flex wp-container-core-columns-is-layout-1a3f87fd wp-block-columns-is-layout-flex\" style=\"margin-top:0;margin-bottom:0;padding-top:0;padding-bottom:0\">\n<div class=\"wp-block-column is-layout-flow wp-block-column-is-layout-flow\" style=\"flex-basis:100%\">\n<div class=\"wp-block-columns is-layout-flex wp-container-core-columns-is-layout-28f84493 wp-block-columns-is-layout-flex\">\n<div class=\"wp-block-column is-layout-flow wp-block-column-is-layout-flow\"><\/div>\n<\/div>\n\n\n\n<div class=\"wp-block-columns is-layout-flex wp-container-core-columns-is-layout-28f84493 wp-block-columns-is-layout-flex\">\n<div class=\"wp-block-column is-layout-flow wp-block-column-is-layout-flow\">\n<h2 class=\"wp-block-heading has-text-align-center has-text-color has-link-color wp-elements-a84c44be63aca484203b614ebacef9a9\" style=\"color:#e4f113;padding-top:var(--wp--preset--spacing--40);font-size:clamp(28.836px, 1.802rem + ((1vw - 3.2px) * 2.357), 50px);font-style:normal;font-weight:700;text-transform:uppercase\">Nouveau nous Num\u00e9risons L\u2019ensemble de vos vieilles cassettes vid\u00e9o sur une cl\u00e9 USB<\/h2>\n<\/div>\n<\/div>\n\n\n\n<p style=\"margin-top:var(--wp--preset--spacing--40)\">Informatique Express re\u00e7oit essentiellement dans son atelier. (Voir \u00e0 la rubrique \u00ab o\u00f9 sommes-nous \u00bb), pour r\u00e9paration, vente ou conseil.<\/p>\n\n\n\n<p><\/p>\n\n\n\n<p style=\"margin-top:0\">Informatique Express a \u00e9t\u00e9 cr\u00e9\u00e9 pour r\u00e9pondre \u00e0 une client\u00e8le se trouvant confront\u00e9e \u00e0 son domicile \u00e0 un probl\u00e8me informatique (si la r\u00e9paration demande plus d&#8217;une heure de travail, votre ordinateur avec votre accord, devra \u00eatre pris en charge dans notre atelier).<\/p>\n<\/div>\n<\/div>\n\n\n\n<div class=\"wp-block-columns alignwide is-layout-flex wp-container-core-columns-is-layout-28f84493 wp-block-columns-is-layout-flex\">\n<div class=\"wp-block-column is-layout-flow wp-block-column-is-layout-flow\" style=\"flex-basis:100%\">\n<p style=\"margin-top:var(--wp--preset--spacing--40);margin-left:var(--wp--preset--spacing--50)\">1). Devis gratuits.<\/p>\n<\/div>\n<\/div>\n\n\n\n<div class=\"wp-block-columns alignwide is-layout-flex wp-container-core-columns-is-layout-28f84493 wp-block-columns-is-layout-flex\">\n<div class=\"wp-block-column is-layout-flow wp-block-column-is-layout-flow\" style=\"flex-basis:100%\">\n<p style=\"margin-right:var(--wp--preset--spacing--50);margin-left:var(--wp--preset--spacing--50)\">2). R\u00e9paration du mat\u00e9riel informatique.<\/p>\n<\/div>\n<\/div>\n\n\n\n<div class=\"wp-block-columns alignwide is-layout-flex wp-container-core-columns-is-layout-28f84493 wp-block-columns-is-layout-flex\">\n<div class=\"wp-block-column is-layout-flow wp-block-column-is-layout-flow\" style=\"flex-basis:100%\">\n<p style=\"margin-right:var(--wp--preset--spacing--50);margin-left:var(--wp--preset--spacing--50)\">3). Cr\u00e9ation d&#8217;ordinateurs fixes \u00e0 la carte avec pi\u00e8ces neuves et possibilit\u00e9, avec accord du client, de mettre des pi\u00e8ces d&#8217;occasions, pour laisser la place au petit budget et par soucis d&#8217;\u00e9cologie. (Engag\u00e9 avec le soutien ADEME : agence de l&#8217;environnement et de la maitrise de l\u2019\u00e9nergie ; \u00e0 recycler correctement).<\/p>\n\n\n\n<p style=\"margin-right:var(--wp--preset--spacing--50);margin-left:var(--wp--preset--spacing--50)\">4). Vente de mat\u00e9riels informatiques en stock ou sur commande (24\/48h)<\/p>\n\n\n\n<p class=\"has-text-align-left\"><\/p>\n<\/div>\n<\/div>\n\n\n\n<p><\/p>\n","protected":false},"excerpt":{"rendered":"<p>L\u2019entreprise Informatique Express vous souhaite la bienvenue sur son site pour vous pr\u00e9senter son activit\u00e9. Nouveau nous Num\u00e9risons L\u2019ensemble de vos vieilles cassettes vid\u00e9o sur une cl\u00e9 USB Informatique Express re\u00e7oit essentiellement dans son atelier. (Voir \u00e0 la rubrique \u00ab o\u00f9 sommes-nous \u00bb), pour r\u00e9paration, vente ou conseil. Informatique Express a \u00e9t\u00e9 cr\u00e9\u00e9 pour r\u00e9pondre [&hellip;]<\/p>\n","protected":false},"author":1,"featured_media":0,"parent":0,"menu_order":0,"comment_status":"closed","ping_status":"open","template":"","meta":{"ngg_post_thumbnail":0,"footnotes":""},"class_list":["post-2","page","type-page","status-publish","hentry"],"_links":{"self":[{"href":"https:\/\/www.informatiqueexpress.fr\/index.php\/wp-json\/wp\/v2\/pages\/2","targetHints":{"allow":["GET"]}}],"collection":[{"href":"https:\/\/www.informatiqueexpress.fr\/index.php\/wp-json\/wp\/v2\/pages"}],"about":[{"href":"https:\/\/www.informatiqueexpress.fr\/index.php\/wp-json\/wp\/v2\/types\/page"}],"author":[{"embeddable":true,"href":"https:\/\/www.informatiqueexpress.fr\/index.php\/wp-json\/wp\/v2\/users\/1"}],"replies":[{"embeddable":true,"href":"https:\/\/www.informatiqueexpress.fr\/index.php\/wp-json\/wp\/v2\/comments?post=2"}],"version-history":[{"count":18,"href":"https:\/\/www.informatiqueexpress.fr\/index.php\/wp-json\/wp\/v2\/pages\/2\/revisions"}],"predecessor-version":[{"id":368,"href":"https:\/\/www.informatiqueexpress.fr\/index.php\/wp-json\/wp\/v2\/pages\/2\/revisions\/368"}],"wp:attachment":[{"href":"https:\/\/www.informatiqueexpress.fr\/index.php\/wp-json\/wp\/v2\/media?parent=2"}],"curies":[{"name":"wp","href":"https:\/\/api.w.org\/{rel}","templated":true}]}}